{"id":132,"date":"2025-07-13T13:44:49","date_gmt":"2025-07-13T13:44:49","guid":{"rendered":"https:\/\/livzatemel.com\/?page_id=132"},"modified":"2025-07-13T13:49:16","modified_gmt":"2025-07-13T13:49:16","slug":"medya-iliskileri-ve-icerik-yonetimi","status":"publish","type":"page","link":"https:\/\/livzatemel.com\/index.php\/medya-iliskileri-ve-icerik-yonetimi\/","title":{"rendered":"Medya \u0130li\u015fkileri ve \u0130\u00e7erik Y\u00f6netimi"},"content":{"rendered":"\n<ul class=\"wp-block-list\">\n<li>Marka, \u00fcr\u00fcn ve hizmet oda\u011f\u0131nda, haber de\u011feri ta\u015f\u0131yan i\u00e7erikler \u00fcreterek etkin ve s\u00fcrd\u00fcr\u00fclebilir bir medya ili\u015fkileri y\u00f6netimi kurgulamak<ul><li>Kapsaml\u0131 bir medya plan\u0131 haz\u0131rlamak<\/li><\/ul><ul><li>Her bas\u0131n b\u00fclteni i\u00e7in hedef kitle ve mecra se\u00e7imi yapmak ve bu se\u00e7ime uygun farkl\u0131la\u015ft\u0131r\u0131lm\u0131\u015f i\u00e7erikler haz\u0131rlamak<\/li><\/ul><ul><li>Medya s\u00f6zc\u00fcleri i\u00e7in yaz\u0131l\u0131, s\u00f6zl\u00fc, g\u00f6rsel ve dijital bas\u0131nda \u00f6zel haber ve r\u00f6portajlar organize etmek<\/li><\/ul>\n<ul class=\"wp-block-list\">\n<li>Uygun haber dosyalar\u0131na kat\u0131larak, marka ad\u0131na g\u00f6r\u00fc\u015f verilmesini sa\u011flamak<\/li>\n<\/ul>\n<\/li>\n\n\n\n<li>Medya \u00e7al\u0131\u015fmalar\u0131nda ihtiya\u00e7 duyulan t\u00fcm i\u00e7erikleri (bas\u0131n bilgi notlar\u0131, bas\u0131n b\u00fcltenleri, \u00f6zel r\u00f6portaj ve haber metinleri) haz\u0131rlamak<\/li>\n\n\n\n<li>Medya arac\u0131l\u0131\u011f\u0131yla rakiplerin ileti\u015fim \u00e7al\u0131\u015fmalar\u0131n\u0131 takip etmek ve gerekti\u011finde ileti\u015fim stratejilerini g\u00fcncellemek.<\/li>\n<\/ul>\n","protected":false},"excerpt":{"rendered":"","protected":false},"author":1,"featured_media":0,"parent":0,"menu_order":0,"comment_status":"closed","ping_status":"closed","template":"","meta":{"footnotes":""},"class_list":["post-132","page","type-page","status-publish","hentry"],"_links":{"self":[{"href":"https:\/\/livzatemel.com\/index.php\/wp-json\/wp\/v2\/pages\/132","targetHints":{"allow":["GET"]}}],"collection":[{"href":"https:\/\/livzatemel.com\/index.php\/wp-json\/wp\/v2\/pages"}],"about":[{"href":"https:\/\/livzatemel.com\/index.php\/wp-json\/wp\/v2\/types\/page"}],"author":[{"embeddable":true,"href":"https:\/\/livzatemel.com\/index.php\/wp-json\/wp\/v2\/users\/1"}],"replies":[{"embeddable":true,"href":"https:\/\/livzatemel.com\/index.php\/wp-json\/wp\/v2\/comments?post=132"}],"version-history":[{"count":2,"href":"https:\/\/livzatemel.com\/index.php\/wp-json\/wp\/v2\/pages\/132\/revisions"}],"predecessor-version":[{"id":134,"href":"https:\/\/livzatemel.com\/index.php\/wp-json\/wp\/v2\/pages\/132\/revisions\/134"}],"wp:attachment":[{"href":"https:\/\/livzatemel.com\/index.php\/wp-json\/wp\/v2\/media?parent=132"}],"curies":[{"name":"wp","href":"https:\/\/api.w.org\/{rel}","templated":true}]}}