{"id":140,"date":"2025-07-13T14:04:23","date_gmt":"2025-07-13T14:04:23","guid":{"rendered":"https:\/\/livzatemel.com\/?page_id=140"},"modified":"2025-07-13T14:04:23","modified_gmt":"2025-07-13T14:04:23","slug":"sosyal-medya-yonetimi","status":"publish","type":"page","link":"https:\/\/livzatemel.com\/index.php\/sosyal-medya-yonetimi\/","title":{"rendered":"Sosyal Medya Y\u00f6netimi"},"content":{"rendered":"\n<ul class=\"wp-block-list\">\n<li>\u0130\u00e7erik ve tasar\u0131m ekibimizle ayl\u0131k sosyal medya plan\u0131n\u0131 haz\u0131rlamak<\/li>\n\n\n\n<li>Plan\u0131 haz\u0131rland\u0131ktan sonra firmaya onaya sunmak<\/li>\n\n\n\n<li>\u00d6zg\u00fcn i\u00e7erikler, postlar ve videolarla sosyal medyada marka bilinirli\u011fini artt\u0131rmak<\/li>\n<\/ul>\n","protected":false},"excerpt":{"rendered":"","protected":false},"author":1,"featured_media":0,"parent":0,"menu_order":0,"comment_status":"closed","ping_status":"closed","template":"","meta":{"footnotes":""},"class_list":["post-140","page","type-page","status-publish","hentry"],"_links":{"self":[{"href":"https:\/\/livzatemel.com\/index.php\/wp-json\/wp\/v2\/pages\/140","targetHints":{"allow":["GET"]}}],"collection":[{"href":"https:\/\/livzatemel.com\/index.php\/wp-json\/wp\/v2\/pages"}],"about":[{"href":"https:\/\/livzatemel.com\/index.php\/wp-json\/wp\/v2\/types\/page"}],"author":[{"embeddable":true,"href":"https:\/\/livzatemel.com\/index.php\/wp-json\/wp\/v2\/users\/1"}],"replies":[{"embeddable":true,"href":"https:\/\/livzatemel.com\/index.php\/wp-json\/wp\/v2\/comments?post=140"}],"version-history":[{"count":1,"href":"https:\/\/livzatemel.com\/index.php\/wp-json\/wp\/v2\/pages\/140\/revisions"}],"predecessor-version":[{"id":141,"href":"https:\/\/livzatemel.com\/index.php\/wp-json\/wp\/v2\/pages\/140\/revisions\/141"}],"wp:attachment":[{"href":"https:\/\/livzatemel.com\/index.php\/wp-json\/wp\/v2\/media?parent=140"}],"curies":[{"name":"wp","href":"https:\/\/api.w.org\/{rel}","templated":true}]}}