{"id":144,"date":"2025-07-13T14:13:17","date_gmt":"2025-07-13T14:13:17","guid":{"rendered":"https:\/\/livzatemel.com\/?page_id=144"},"modified":"2025-07-13T14:13:17","modified_gmt":"2025-07-13T14:13:17","slug":"dijital-pazarlama-yonetimi","status":"publish","type":"page","link":"https:\/\/livzatemel.com\/index.php\/dijital-pazarlama-yonetimi\/","title":{"rendered":"Dijital Pazarlama Y\u00f6netimi"},"content":{"rendered":"\n<p>Sosyal medyadaki (Linkedin, Instagram, Facebook vb.) reklam \u00e7al\u0131\u015fmalar\u0131n\u0131 y\u00f6netmek.<\/p>\n","protected":false},"excerpt":{"rendered":"<p>Sosyal medyadaki (Linkedin, Instagram, Facebook vb.) reklam \u00e7al\u0131\u015fmalar\u0131n\u0131 y\u00f6netmek.<\/p>\n","protected":false},"author":1,"featured_media":0,"parent":0,"menu_order":0,"comment_status":"closed","ping_status":"closed","template":"","meta":{"footnotes":""},"class_list":["post-144","page","type-page","status-publish","hentry"],"_links":{"self":[{"href":"https:\/\/livzatemel.com\/index.php\/wp-json\/wp\/v2\/pages\/144","targetHints":{"allow":["GET"]}}],"collection":[{"href":"https:\/\/livzatemel.com\/index.php\/wp-json\/wp\/v2\/pages"}],"about":[{"href":"https:\/\/livzatemel.com\/index.php\/wp-json\/wp\/v2\/types\/page"}],"author":[{"embeddable":true,"href":"https:\/\/livzatemel.com\/index.php\/wp-json\/wp\/v2\/users\/1"}],"replies":[{"embeddable":true,"href":"https:\/\/livzatemel.com\/index.php\/wp-json\/wp\/v2\/comments?post=144"}],"version-history":[{"count":1,"href":"https:\/\/livzatemel.com\/index.php\/wp-json\/wp\/v2\/pages\/144\/revisions"}],"predecessor-version":[{"id":145,"href":"https:\/\/livzatemel.com\/index.php\/wp-json\/wp\/v2\/pages\/144\/revisions\/145"}],"wp:attachment":[{"href":"https:\/\/livzatemel.com\/index.php\/wp-json\/wp\/v2\/media?parent=144"}],"curies":[{"name":"wp","href":"https:\/\/api.w.org\/{rel}","templated":true}]}}