{"id":166,"date":"2025-07-27T19:31:07","date_gmt":"2025-07-27T19:31:07","guid":{"rendered":"https:\/\/livzatemel.com\/?page_id=166"},"modified":"2025-07-27T19:31:07","modified_gmt":"2025-07-27T19:31:07","slug":"bir-siyasal-iletisim-yontemi-olarak-siyasal-propaganda","status":"publish","type":"page","link":"https:\/\/livzatemel.com\/index.php\/bir-siyasal-iletisim-yontemi-olarak-siyasal-propaganda\/","title":{"rendered":"Bir Siyasal \u0130leti\u015fim Y\u00f6ntemi Olarak Siyasal Propaganda"},"content":{"rendered":"\n<p>Devletler uluslararas\u0131 alanda ama\u00e7lar\u0131na ula\u015fmak i\u00e7in temel olarak d\u00f6rt ara\u00e7 kullan\u0131rlar; propaganda, diplomasi, ekonomi ve sava\u015f.<\/p>\n\n\n\n<p>Bu ara\u00e7lar ikna, pazarl\u0131k ve zor kullanma stratejisini belirler. Tarih boyunca \u015fiddet, siyasal \u00e7at\u0131\u015fman\u0131n i\u00e7inde varl\u0131k g\u00f6stermi\u015ftir. \u0130ktidara ula\u015fmak i\u00e7in zor kullanma stratejisine dayal\u0131 y\u00f6ntemler kullanmak \u00e7o\u011fu zaman ele ge\u00e7irilen iktidar\u0131n me\u015fruiyetinin sorgulanmas\u0131na neden olmu\u015ftur. \u00c7\u00fcnk\u00fc a\u00e7\u0131k\u00e7a \u015fiddete ba\u015fvurmak toplumsal tepki do\u011furabilir. Bazen de \u015fiddet kullanmak g\u00fc\u00e7s\u00fczl\u00fc\u011f\u00fc gizlemek olarak yorumlanabilir. G\u00f6r\u00fclen o ki, iktidara ula\u015fmak i\u00e7in zora ba\u015fvurmak uzun vadede kal\u0131c\u0131 olmayan, zay\u0131fl\u0131k g\u00f6stergesi olarak kabul edilen, pahal\u0131 bir y\u00f6ntemdir.<\/p>\n\n\n\n<p>\u00d6rne\u011fin sava\u015f, halklar\u0131n ciddi bir ekonomik krize, psikolojik bunal\u0131ma s\u00fcr\u00fcklenmesine ve y\u00f6neticilere olan g\u00fcvenlerinin sars\u0131lmas\u0131na neden olmaktad\u0131r. Siyasal propaganda faaliyetleri ise bu anlamda farkl\u0131l\u0131k g\u00f6stermektedir.<\/p>\n\n\n\n<p>Propaganda, sadece otoriter rejimlerde kullan\u0131lan bir siyasal ileti\u015fim y\u00f6ntemi de\u011fildir. Modern demokratik devletler de temelde mevcut d\u00fczeni korumak ve r\u0131za \u00fcretimini sa\u011flamak \u00fczere ideolojik bir ayg\u0131t olarak propaganda y\u00f6ntemlerinden faydalanmaktad\u0131r.<\/p>\n\n\n\n<p>Tarihsel s\u00fcrece bakt\u0131\u011f\u0131m\u0131zda, siyasal propaganda faaliyetlerinin her d\u00f6nemde var oldu\u011funu ancak modern demokratik devletlerde kitle ileti\u015fim teknolojilerinin geli\u015fmesi ve ileti\u015fim ara\u00e7lar\u0131ndaki zenginle\u015fmeyle \u015fekil de\u011fi\u015ftirdi\u011fini s\u00f6ylemek m\u00fcmk\u00fcnd\u00fcr.<\/p>\n\n\n\n<p>\u00d6rne\u011fin 20. y\u00fczy\u0131lda Hitler ya da Stalin d\u00f6neminde uygulanan propaganda teknikleri ile 21. y\u00fczy\u0131lda uygulanan teknikler birbirinden olduk\u00e7a farkl\u0131d\u0131r. Temel fark, o d\u00f6nemde t\u00fcm kurumsal yap\u0131s\u0131 ve faaliyetleri ile ortada olan bir propagandadan s\u00f6z edilirken; bug\u00fcnk\u00fc propagandan\u0131n \u00fcst\u00fc \u00f6rt\u00fck ve \u00e7ok daha teknolojik tabana dayal\u0131 bir halde oldu\u011funu s\u00f6ylemek m\u00fcmk\u00fcnd\u00fcr.<\/p>\n\n\n\n<p>Ya\u015fad\u0131\u011f\u0131m\u0131z y\u00fczy\u0131lda siyasal propagandalar eski tekniklerle analiz edilemeyecek, hatta anla\u015f\u0131lamayacak kadar karma\u015f\u0131kt\u0131r.<\/p>\n\n\n\n<p>\u201cPropaganda&#8221; ile ilgili tan\u0131mlamalarda iki yakla\u015f\u0131m s\u00f6z konusudur; bunlardan ilki propaganday\u0131 n\u00f6tr bir \u015fekilde ele al\u0131rken, ikinci grup kavram\u0131n olumsuz niteli\u011fine dikkat \u00e7ekmektedir. S\u00f6zc\u00fc\u011f\u00fcn yapt\u0131\u011f\u0131 olumsuz \u00e7a\u011fr\u0131\u015f\u0131mlar nedeniyle modern demokrasilerde \u201cpropaganda\u201d s\u00f6zc\u00fc\u011f\u00fcn\u00fcn yerini \u201chalkla ili\u015fkiler\u201d ve \u201ckamuoyu \u00e7al\u0131\u015fmalar\u0131\u201d alm\u0131\u015ft\u0131r.<\/p>\n\n\n\n<p>Bu alanlarda y\u00fcr\u00fct\u00fclen \u00e7al\u0131\u015fmalar asl\u0131nda birer propaganda faaliyetidir. \u00c7\u00fcnk\u00fc temel ama\u00e7, ikna y\u00f6ntemlerine dayal\u0131 olarak \u201chalk\u0131n g\u00f6r\u00fc\u015flerini etkilemek\u201d ve \u201calg\u0131y\u0131 y\u00f6netmek\u201dtir.<\/p>\n\n\n\n<p>Kanadal\u0131 yazar Marshall McLuhan\u2019\u0131n \u201cK\u00fcresel K\u00f6y\u201d kavram\u0131ndan hareketle, geli\u015fen ileti\u015fim teknolojileri ve \u00e7e\u015fitlenen ileti\u015fim ara\u00e7lar\u0131 arac\u0131l\u0131\u011f\u0131 ile d\u00fcnyan\u0131n her yerine zaman ve mek\u00e2n s\u0131n\u0131rlamas\u0131 olmadan, sesli ve g\u00f6r\u00fcnt\u00fcl\u00fc ara\u00e7lar sayesinde saniyeler i\u00e7inde ula\u015fabiliyoruz.<\/p>\n\n\n\n<p>D\u00fcnyam\u0131z\u0131 \u00e7evreleyen yeni ileti\u015fim uydular\u0131 ve dijital a\u011flar sayesinde vatanda\u015flar, ulusal ve uluslararas\u0131 propaganda faaliyetleriyle kar\u015f\u0131 kar\u015f\u0131ya kalmaktad\u0131rlar.<\/p>\n\n\n\n<p>Bu ortam i\u00e7erisinde siyasal ileti\u015fim alan\u0131 gittik\u00e7e \u00f6nem kazanmaktad\u0131r. Siyasal ileti\u015fim; siyasal alanda siyasi akt\u00f6rlerin iktidar olabilmek i\u00e7in ya da kendi g\u00f6r\u00fc\u015flerini halka benimsetmek ve kamuoyunun deste\u011fini sa\u011flamak i\u00e7in, iknaya dayal\u0131 y\u00f6ntemlerle (halkla ili\u015fkiler, kamuoyu \u00e7al\u0131\u015fmalar\u0131, reklam) y\u00fcr\u00fctt\u00fckleri strateji ve eylemler b\u00fct\u00fcn\u00fcd\u00fcr.<\/p>\n\n\n\n<p>Propaganda konusunda bireylerin en \u00e7ok sordu\u011fu sorular; \u201cG\u00fcnl\u00fck hayat\u0131m\u0131zda maruz kald\u0131\u011f\u0131m\u0131z binlerce medya metni ve mesaja kar\u015f\u0131l\u0131k tamamen savunmas\u0131z m\u0131y\u0131z?\u201d,<\/p>\n\n\n\n<p>\u201cG\u00f6nderilen mesajlar\u0131n manip\u00fclasyon i\u00e7erip i\u00e7ermedi\u011fini nas\u0131l anlayabiliriz?\u201d,<\/p>\n\n\n\n<p>\u201cMedya iletilerini do\u011fru okuyabilmek ve yorumlayabilmek i\u00e7in neler yapabiliriz?\u201d \u015feklinde s\u0131ralanabilir. Bu sorular\u0131n yan\u0131t\u0131 da ayr\u0131 bir \u00e7al\u0131\u015fman\u0131n konusu olarak ele al\u0131nacakt\u0131r.<\/p>\n","protected":false},"excerpt":{"rendered":"<p>Devletler uluslararas\u0131 alanda ama\u00e7lar\u0131na ula\u015fmak i\u00e7in temel olarak d\u00f6rt ara\u00e7 kullan\u0131rlar; propaganda, diplomasi, ekonomi ve sava\u015f. Bu ara\u00e7lar ikna, pazarl\u0131k ve zor kullanma stratejisini belirler. Tarih boyunca \u015fiddet, siyasal \u00e7at\u0131\u015fman\u0131n i\u00e7inde varl\u0131k g\u00f6stermi\u015ftir. \u0130ktidara ula\u015fmak i\u00e7in zor kullanma stratejisine dayal\u0131 y\u00f6ntemler kullanmak \u00e7o\u011fu zaman ele ge\u00e7irilen iktidar\u0131n me\u015fruiyetinin sorgulanmas\u0131na neden olmu\u015ftur. \u00c7\u00fcnk\u00fc a\u00e7\u0131k\u00e7a \u015fiddete ba\u015fvurmak&hellip;<\/p>\n","protected":false},"author":1,"featured_media":0,"parent":0,"menu_order":0,"comment_status":"closed","ping_status":"closed","template":"","meta":{"footnotes":""},"class_list":["post-166","page","type-page","status-publish","hentry"],"_links":{"self":[{"href":"https:\/\/livzatemel.com\/index.php\/wp-json\/wp\/v2\/pages\/166","targetHints":{"allow":["GET"]}}],"collection":[{"href":"https:\/\/livzatemel.com\/index.php\/wp-json\/wp\/v2\/pages"}],"about":[{"href":"https:\/\/livzatemel.com\/index.php\/wp-json\/wp\/v2\/types\/page"}],"author":[{"embeddable":true,"href":"https:\/\/livzatemel.com\/index.php\/wp-json\/wp\/v2\/users\/1"}],"replies":[{"embeddable":true,"href":"https:\/\/livzatemel.com\/index.php\/wp-json\/wp\/v2\/comments?post=166"}],"version-history":[{"count":1,"href":"https:\/\/livzatemel.com\/index.php\/wp-json\/wp\/v2\/pages\/166\/revisions"}],"predecessor-version":[{"id":167,"href":"https:\/\/livzatemel.com\/index.php\/wp-json\/wp\/v2\/pages\/166\/revisions\/167"}],"wp:attachment":[{"href":"https:\/\/livzatemel.com\/index.php\/wp-json\/wp\/v2\/media?parent=166"}],"curies":[{"name":"wp","href":"https:\/\/api.w.org\/{rel}","templated":true}]}}