{"id":2,"date":"2025-06-20T11:24:43","date_gmt":"2025-06-20T11:24:43","guid":{"rendered":"https:\/\/livzatemel.com\/?page_id=2"},"modified":"2025-06-29T13:33:05","modified_gmt":"2025-06-29T13:33:05","slug":"stratejik-iletisim-danismanligi","status":"publish","type":"page","link":"https:\/\/livzatemel.com\/index.php\/stratejik-iletisim-danismanligi\/","title":{"rendered":"Stratejik \u0130leti\u015fim Dan\u0131\u015fmanl\u0131\u011f\u0131"},"content":{"rendered":"\n<p>-Belirlenen i\u015f hedefleri do\u011frultusunda firman\u0131n ileti\u015fim hedeflerini ve bu hedeflere uygun yol haritas\u0131n\u0131 belirlemek<\/p>\n\n\n\n<p>-Belirlenen stratejik yol haritas\u0131 do\u011frultusunda d\u00f6nemsel eylem planlar\u0131 olu\u015fturmak<\/p>\n\n\n\n<p>-\u0130leti\u015fimde kullan\u0131lacak mesajlar\u0131 ve anahtar kelimeleri belirleyerek markan\u0131n i\u00e7erik k\u0131lavuzunu olu\u015fturmak<\/p>\n\n\n\n<p>-Marka temsilcileri ile dirsek temas\u0131nda \u00e7al\u0131\u015farak d\u00fczenli ileti\u015fim toplant\u0131lar\u0131 d\u00fczenlemek<\/p>\n\n\n\n<p>-Hayata ge\u00e7irilen t\u00fcm ileti\u015fim \u00e7al\u0131\u015fmalar\u0131n\u0131 ve al\u0131nan t\u00fcm aksiyonlar\u0131 medya yans\u0131malar\u0131 ile raporlamak<\/p>\n\n\n\n<p><\/p>\n\n\n\n<p><\/p>\n","protected":false},"excerpt":{"rendered":"<p>-Belirlenen i\u015f hedefleri do\u011frultusunda firman\u0131n ileti\u015fim hedeflerini ve bu hedeflere uygun yol haritas\u0131n\u0131 belirlemek -Belirlenen stratejik yol haritas\u0131 do\u011frultusunda d\u00f6nemsel eylem planlar\u0131 olu\u015fturmak -\u0130leti\u015fimde kullan\u0131lacak mesajlar\u0131 ve anahtar kelimeleri belirleyerek markan\u0131n i\u00e7erik k\u0131lavuzunu olu\u015fturmak -Marka temsilcileri ile dirsek temas\u0131nda \u00e7al\u0131\u015farak d\u00fczenli ileti\u015fim toplant\u0131lar\u0131 d\u00fczenlemek -Hayata ge\u00e7irilen t\u00fcm ileti\u015fim \u00e7al\u0131\u015fmalar\u0131n\u0131 ve al\u0131nan t\u00fcm aksiyonlar\u0131 medya yans\u0131malar\u0131&hellip;<\/p>\n","protected":false},"author":1,"featured_media":0,"parent":0,"menu_order":0,"comment_status":"closed","ping_status":"open","template":"","meta":{"footnotes":""},"class_list":["post-2","page","type-page","status-publish","hentry"],"_links":{"self":[{"href":"https:\/\/livzatemel.com\/index.php\/wp-json\/wp\/v2\/pages\/2","targetHints":{"allow":["GET"]}}],"collection":[{"href":"https:\/\/livzatemel.com\/index.php\/wp-json\/wp\/v2\/pages"}],"about":[{"href":"https:\/\/livzatemel.com\/index.php\/wp-json\/wp\/v2\/types\/page"}],"author":[{"embeddable":true,"href":"https:\/\/livzatemel.com\/index.php\/wp-json\/wp\/v2\/users\/1"}],"replies":[{"embeddable":true,"href":"https:\/\/livzatemel.com\/index.php\/wp-json\/wp\/v2\/comments?post=2"}],"version-history":[{"count":2,"href":"https:\/\/livzatemel.com\/index.php\/wp-json\/wp\/v2\/pages\/2\/revisions"}],"predecessor-version":[{"id":66,"href":"https:\/\/livzatemel.com\/index.php\/wp-json\/wp\/v2\/pages\/2\/revisions\/66"}],"wp:attachment":[{"href":"https:\/\/livzatemel.com\/index.php\/wp-json\/wp\/v2\/media?parent=2"}],"curies":[{"name":"wp","href":"https:\/\/api.w.org\/{rel}","templated":true}]}}