{"id":214,"date":"2025-08-30T18:51:20","date_gmt":"2025-08-30T18:51:20","guid":{"rendered":"https:\/\/livzatemel.com\/?page_id=214"},"modified":"2025-08-30T18:51:20","modified_gmt":"2025-08-30T18:51:20","slug":"teklif-alin","status":"publish","type":"page","link":"https:\/\/livzatemel.com\/index.php\/teklif-alin\/","title":{"rendered":"Teklif Al\u0131n"},"content":{"rendered":"<style id=\"wpforms-css-vars-205-block-9ce9e2b4-351c-4c7a-8a68-4a898c9feea4\">\n\t\t\t\t#wpforms-205.wpforms-block-9ce9e2b4-351c-4c7a-8a68-4a898c9feea4 {\n\t\t\t\t--wpforms-field-size-input-height: 43px;\n--wpforms-field-size-input-spacing: 15px;\n--wpforms-field-size-font-size: 16px;\n--wpforms-field-size-line-height: 19px;\n--wpforms-field-size-padding-h: 14px;\n--wpforms-field-size-checkbox-size: 16px;\n--wpforms-field-size-sublabel-spacing: 5px;\n--wpforms-field-size-icon-size: 1;\n--wpforms-label-size-font-size: 16px;\n--wpforms-label-size-line-height: 19px;\n--wpforms-label-size-sublabel-font-size: 14px;\n--wpforms-label-size-sublabel-line-height: 17px;\n--wpforms-button-size-font-size: 17px;\n--wpforms-button-size-height: 41px;\n--wpforms-button-size-padding-h: 15px;\n--wpforms-button-size-margin-top: 10px;\n\n\t\t\t}\n\t\t\t<\/style><div class=\"wpforms-container wpforms-container-full wpforms-block wpforms-block-9ce9e2b4-351c-4c7a-8a68-4a898c9feea4 wpforms-render-modern\" id=\"wpforms-205\"><form id=\"wpforms-form-205\" class=\"wpforms-validate wpforms-form wpforms-ajax-form\" data-formid=\"205\" method=\"post\" enctype=\"multipart\/form-data\" action=\"\/index.php\/wp-json\/wp\/v2\/pages\/214\" data-token=\"fd3387c609d161953be69e217815b7a8\" data-token-time=\"1776521458\"><noscript class=\"wpforms-error-noscript\">Bu formu bitirebilmek i\u00e7in taray\u0131c\u0131n\u0131zda JavaScript&#039;i etkinle\u015ftirin.<\/noscript><div id=\"wpforms-error-noscript\" style=\"display: none;\">Bu formu bitirebilmek i\u00e7in taray\u0131c\u0131n\u0131zda JavaScript&#039;i etkinle\u015ftirin.<\/div><div class=\"wpforms-field-container\">\t\t<div id=\"wpforms-205-field_6-container\"\n\t\t\tclass=\"wpforms-field wpforms-field-text\"\n\t\t\tdata-field-type=\"text\"\n\t\t\tdata-field-id=\"6\"\n\t\t\t>\n\t\t\t<label class=\"wpforms-field-label\" for=\"wpforms-205-field_6\" >Telefon (Varsa) Edilen<\/label>\n\t\t\t<input type=\"text\" id=\"wpforms-205-field_6\" class=\"wpforms-field-medium\" name=\"wpforms[fields][6]\" >\n\t\t<\/div>\n\t\t<div id=\"wpforms-205-field_1-container\" class=\"wpforms-field wpforms-field-name\" data-field-id=\"1\"><fieldset><legend class=\"wpforms-field-label\">Ad\u0131 Soyad\u0131 <span class=\"wpforms-required-label\" aria-hidden=\"true\">*<\/span><\/legend><div class=\"wpforms-field-row wpforms-field-medium\"><div class=\"wpforms-field-row-block wpforms-first wpforms-one-half\"><input type=\"text\" id=\"wpforms-205-field_1\" class=\"wpforms-field-name-first wpforms-field-required\" name=\"wpforms[fields][1][first]\" aria-errormessage=\"wpforms-205-field_1-error\" required><label for=\"wpforms-205-field_1\" class=\"wpforms-field-sublabel after\">Ad<\/label><\/div><div class=\"wpforms-field-row-block wpforms-one-half\"><input type=\"text\" id=\"wpforms-205-field_1-last\" class=\"wpforms-field-name-last wpforms-field-required\" name=\"wpforms[fields][1][last]\" aria-errormessage=\"wpforms-205-field_1-last-error\" required><label for=\"wpforms-205-field_1-last\" class=\"wpforms-field-sublabel after\">Soyad<\/label><\/div><\/div><\/fieldset><\/div><div id=\"wpforms-205-field_4-container\" class=\"wpforms-field wpforms-field-text\" data-field-id=\"4\"><label class=\"wpforms-field-label\" for=\"wpforms-205-field_4\">\u015eirket Ad\u0131 (Varsa)<\/label><input type=\"text\" id=\"wpforms-205-field_4\" class=\"wpforms-field-medium\" name=\"wpforms[fields][4]\" aria-errormessage=\"wpforms-205-field_4-error\" ><\/div><div id=\"wpforms-205-field_2-container\" class=\"wpforms-field wpforms-field-email\" data-field-id=\"2\"><label class=\"wpforms-field-label\" for=\"wpforms-205-field_2\">E-posta <span class=\"wpforms-required-label\" aria-hidden=\"true\">*<\/span><\/label><input type=\"email\" id=\"wpforms-205-field_2\" class=\"wpforms-field-medium wpforms-field-required\" name=\"wpforms[fields][2]\" spellcheck=\"false\" aria-errormessage=\"wpforms-205-field_2-error\" required><\/div><div id=\"wpforms-205-field_5-container\" class=\"wpforms-field wpforms-field-text\" data-field-id=\"5\"><label class=\"wpforms-field-label\" for=\"wpforms-205-field_5\">Telefon Numaras\u0131 <span class=\"wpforms-required-label\" aria-hidden=\"true\">*<\/span><\/label><input type=\"text\" id=\"wpforms-205-field_5\" class=\"wpforms-field-medium wpforms-field-required\" name=\"wpforms[fields][5]\" aria-errormessage=\"wpforms-205-field_5-error\" required><\/div><div id=\"wpforms-205-field_3-container\" class=\"wpforms-field wpforms-field-checkbox\" data-field-id=\"3\"><fieldset><legend class=\"wpforms-field-label\">Hizmet Talep Edilen Alan <span class=\"wpforms-required-label\" aria-hidden=\"true\">*<\/span><\/legend><ul id=\"wpforms-205-field_3\" class=\"wpforms-field-required\"><li class=\"choice-1 depth-1\"><input type=\"checkbox\" id=\"wpforms-205-field_3_1\" name=\"wpforms[fields][3][]\" value=\"Stratejik \u0130leti\u015fim Dan\u0131\u015fmanl\u0131\u011f\u0131\" aria-errormessage=\"wpforms-205-field_3_1-error\" required ><label class=\"wpforms-field-label-inline\" for=\"wpforms-205-field_3_1\">Stratejik \u0130leti\u015fim Dan\u0131\u015fmanl\u0131\u011f\u0131<\/label><\/li><li class=\"choice-2 depth-1\"><input type=\"checkbox\" id=\"wpforms-205-field_3_2\" name=\"wpforms[fields][3][]\" value=\"Medya \u0130li\u015fkileri ve \u0130\u00e7erik Y\u00f6netimi\" aria-errormessage=\"wpforms-205-field_3_2-error\" required ><label class=\"wpforms-field-label-inline\" for=\"wpforms-205-field_3_2\">Medya \u0130li\u015fkileri ve \u0130\u00e7erik Y\u00f6netimi<\/label><\/li><li class=\"choice-3 depth-1\"><input type=\"checkbox\" id=\"wpforms-205-field_3_3\" name=\"wpforms[fields][3][]\" value=\"Etkinlik ve Proje Y\u00f6netimi\" aria-errormessage=\"wpforms-205-field_3_3-error\" required ><label class=\"wpforms-field-label-inline\" for=\"wpforms-205-field_3_3\">Etkinlik ve Proje Y\u00f6netimi<\/label><\/li><li class=\"choice-4 depth-1\"><input type=\"checkbox\" id=\"wpforms-205-field_3_4\" name=\"wpforms[fields][3][]\" value=\"Sosyal Medya Y\u00f6netimi\" aria-errormessage=\"wpforms-205-field_3_4-error\" required ><label class=\"wpforms-field-label-inline\" for=\"wpforms-205-field_3_4\">Sosyal Medya Y\u00f6netimi<\/label><\/li><li class=\"choice-5 depth-1\"><input type=\"checkbox\" id=\"wpforms-205-field_3_5\" name=\"wpforms[fields][3][]\" value=\"Dijital Pazarlama Y\u00f6netimi\" aria-errormessage=\"wpforms-205-field_3_5-error\" required ><label class=\"wpforms-field-label-inline\" for=\"wpforms-205-field_3_5\">Dijital Pazarlama Y\u00f6netimi<\/label><\/li><li class=\"choice-6 depth-1\"><input type=\"checkbox\" id=\"wpforms-205-field_3_6\" name=\"wpforms[fields][3][]\" value=\"Grafik Tasar\u0131m\" aria-errormessage=\"wpforms-205-field_3_6-error\" required ><label class=\"wpforms-field-label-inline\" for=\"wpforms-205-field_3_6\">Grafik Tasar\u0131m<\/label><\/li><\/ul><\/fieldset><\/div><script>\n\t\t\t\t( function() {\n\t\t\t\t\tconst style = document.createElement( 'style' );\n\t\t\t\t\tstyle.appendChild( document.createTextNode( '#wpforms-205-field_6-container { position: absolute !important; overflow: hidden !important; display: inline !important; height: 1px !important; width: 1px !important; z-index: -1000 !important; padding: 0 !important; } #wpforms-205-field_6-container input { visibility: hidden; } #wpforms-conversational-form-page #wpforms-205-field_6-container label { counter-increment: none; }' ) );\n\t\t\t\t\tdocument.head.appendChild( style );\n\t\t\t\t\tdocument.currentScript?.remove();\n\t\t\t\t} )();\n\t\t\t<\/script><\/div><!-- .wpforms-field-container --><div class=\"wpforms-submit-container\" ><input type=\"hidden\" name=\"wpforms[id]\" value=\"205\"><input type=\"hidden\" name=\"page_title\" value=\"\"><input type=\"hidden\" name=\"page_url\" value=\"https:\/\/livzatemel.com\/index.php\/wp-json\/wp\/v2\/pages\/214\"><input type=\"hidden\" name=\"url_referer\" value=\"\"><button type=\"submit\" name=\"wpforms[submit]\" id=\"wpforms-submit-205\" class=\"wpforms-submit\" data-alt-text=\"G\u00f6nderiliyor...\" data-submit-text=\"G\u00f6nder\" aria-live=\"assertive\" value=\"wpforms-submit\">G\u00f6nder<\/button><img loading=\"lazy\" decoding=\"async\" src=\"https:\/\/livzatemel.com\/wp-content\/plugins\/wpforms-lite\/assets\/images\/submit-spin.svg\" class=\"wpforms-submit-spinner\" style=\"display: none;\" width=\"26\" height=\"26\" alt=\"Y\u00fckleniyor\"><\/div><\/form><\/div>  <!-- .wpforms-container -->","protected":false},"excerpt":{"rendered":"","protected":false},"author":1,"featured_media":0,"parent":0,"menu_order":0,"comment_status":"closed","ping_status":"closed","template":"","meta":{"footnotes":""},"class_list":["post-214","page","type-page","status-publish","hentry"],"_links":{"self":[{"href":"https:\/\/livzatemel.com\/index.php\/wp-json\/wp\/v2\/pages\/214","targetHints":{"allow":["GET"]}}],"collection":[{"href":"https:\/\/livzatemel.com\/index.php\/wp-json\/wp\/v2\/pages"}],"about":[{"href":"https:\/\/livzatemel.com\/index.php\/wp-json\/wp\/v2\/types\/page"}],"author":[{"embeddable":true,"href":"https:\/\/livzatemel.com\/index.php\/wp-json\/wp\/v2\/users\/1"}],"replies":[{"embeddable":true,"href":"https:\/\/livzatemel.com\/index.php\/wp-json\/wp\/v2\/comments?post=214"}],"version-history":[{"count":2,"href":"https:\/\/livzatemel.com\/index.php\/wp-json\/wp\/v2\/pages\/214\/revisions"}],"predecessor-version":[{"id":219,"href":"https:\/\/livzatemel.com\/index.php\/wp-json\/wp\/v2\/pages\/214\/revisions\/219"}],"wp:attachment":[{"href":"https:\/\/livzatemel.com\/index.php\/wp-json\/wp\/v2\/media?parent=214"}],"curies":[{"name":"wp","href":"https:\/\/api.w.org\/{rel}","templated":true}]}}